{"id":8065,"date":"2024-12-11T06:47:08","date_gmt":"2024-12-11T05:47:08","guid":{"rendered":"https:\/\/www.archimedlife.com\/?page_id=8065"},"modified":"2024-12-11T06:47:08","modified_gmt":"2024-12-11T05:47:08","slug":"beschwerdemanagement","status":"publish","type":"page","link":"https:\/\/www.archimedlife.com\/de\/beschwerdemanagement\/","title":{"rendered":"Beschwerdemanagement"},"content":{"rendered":"\n<p>Im medizinischen Labor legen wir gr\u00f6\u00dften Wert auf die Qualit\u00e4t unserer Dienstleistungen und Ihre Zufriedenheit. Sollten Sie dennoch eine Beschwerde oder auch Verbesserungsvorschl\u00e4ge haben, bitten wir Sie, uns direkt zu kontaktieren. Ihr Feedback hilft uns, unsere Prozesse zu verbessern und auf Ihre Anliegen einzugehen.<\/p>\n\n\n\n<p>Sie erreichen uns per E-Mail unter:<br><a href=\"mailto:info@archimedlife.com\">info@archimedlife.com<\/a><\/p>\n\n\n\n<p>Unser Ziel ist es, f\u00fcr Sie ein verl\u00e4sslicher Partner zu sein. Ob es sich um Verz\u00f6gerungen, Unklarheiten oder andere Herausforderungen handelt, wir setzen alles daran, Ihren Erwartungen gerecht zu werden und Ihre Erfahrungen mit unserem Labor so angenehm wie m\u00f6glich zu gestalten.<\/p>\n\n\n\n<p>Dar\u00fcber hinaus freuen wir uns \u00fcber Ihre Anregungen und Vorschl\u00e4ge zur Verbesserung unserer Abl\u00e4ufe. Gemeinsam mit Ihnen m\u00f6chten wir daran arbeiten, die Qualit\u00e4t unserer Dienstleistungen stetig zu optimieren. Ihre Meinung ist uns wichtig \u2013 lassen Sie uns wissen, wie wir Ihnen besser helfen k\u00f6nnen.<\/p>\n\n\n\n<p>Das ARCHIMEDlife Service Team k\u00fcmmert sich schnellstm\u00f6glich um Ihr Anliegen. Vielen Dank, dass Sie uns helfen, noch besser zu werden!<\/p>\n","protected":false},"excerpt":{"rendered":"<p>Im medizinischen Labor legen wir gr\u00f6\u00dften Wert auf die Qualit\u00e4t unserer Dienstleistungen und Ihre Zufriedenheit. Sollten Sie dennoch eine Beschwerde oder auch Verbesserungsvorschl\u00e4ge haben, bitten&hellip;<\/p>\n","protected":false},"author":4,"featured_media":0,"parent":0,"menu_order":0,"comment_status":"closed","ping_status":"closed","template":"","meta":[],"yoast_head":"<!-- This site is optimized with the Yoast SEO plugin v15.5 - https:\/\/yoast.com\/wordpress\/plugins\/seo\/ -->\n<title>Beschwerdemanagement - ARCHIMEDlife<\/title>\n<meta name=\"robots\" content=\"index, follow, max-snippet:-1, max-image-preview:large, max-video-preview:-1\" \/>\n<link rel=\"canonical\" href=\"https:\/\/www.archimedlife.com\/de\/beschwerdemanagement\/\" \/>\n<meta property=\"og:locale\" content=\"de_DE\" \/>\n<meta property=\"og:type\" content=\"article\" \/>\n<meta property=\"og:title\" content=\"Beschwerdemanagement - ARCHIMEDlife\" \/>\n<meta property=\"og:description\" content=\"Im medizinischen Labor legen wir gr\u00f6\u00dften Wert auf die Qualit\u00e4t unserer Dienstleistungen und Ihre Zufriedenheit. Sollten Sie dennoch eine Beschwerde oder auch Verbesserungsvorschl\u00e4ge haben, bitten&hellip;\" \/>\n<meta property=\"og:url\" content=\"https:\/\/www.archimedlife.com\/de\/beschwerdemanagement\/\" \/>\n<meta property=\"og:site_name\" content=\"ARCHIMEDlife\" \/>\n<meta property=\"og:image\" content=\"https:\/\/www.archimedlife.com\/wp-content\/uploads\/2021\/01\/logo-drop-200x200-1.jpg\" \/>\n\t<meta property=\"og:image:width\" content=\"200\" \/>\n\t<meta property=\"og:image:height\" content=\"200\" \/>\n<meta name=\"twitter:card\" content=\"summary_large_image\" \/>\n<meta name=\"twitter:label1\" content=\"Gesch\u00e4tzte Lesezeit\">\n\t<meta name=\"twitter:data1\" content=\"1\u00a0Minute\">\n<script type=\"application\/ld+json\" class=\"yoast-schema-graph\">{\"@context\":\"https:\/\/schema.org\",\"@graph\":[{\"@type\":\"WebSite\",\"@id\":\"https:\/\/www.archimedlife.com\/#website\",\"url\":\"https:\/\/www.archimedlife.com\/\",\"name\":\"ARCHIMEDlife\",\"description\":\"Medical Laboratory\",\"potentialAction\":[{\"@type\":\"SearchAction\",\"target\":\"https:\/\/www.archimedlife.com\/?s={search_term_string}\",\"query-input\":\"required name=search_term_string\"}],\"inLanguage\":\"de\"},{\"@type\":\"WebPage\",\"@id\":\"https:\/\/www.archimedlife.com\/de\/beschwerdemanagement\/#webpage\",\"url\":\"https:\/\/www.archimedlife.com\/de\/beschwerdemanagement\/\",\"name\":\"Beschwerdemanagement - ARCHIMEDlife\",\"isPartOf\":{\"@id\":\"https:\/\/www.archimedlife.com\/#website\"},\"datePublished\":\"2024-12-11T05:47:08+00:00\",\"dateModified\":\"2024-12-11T05:47:08+00:00\",\"inLanguage\":\"de\",\"potentialAction\":[{\"@type\":\"ReadAction\",\"target\":[\"https:\/\/www.archimedlife.com\/de\/beschwerdemanagement\/\"]}]}]}<\/script>\n<!-- \/ Yoast SEO plugin. -->","_links":{"self":[{"href":"https:\/\/www.archimedlife.com\/de\/wp-json\/wp\/v2\/pages\/8065"}],"collection":[{"href":"https:\/\/www.archimedlife.com\/de\/wp-json\/wp\/v2\/pages"}],"about":[{"href":"https:\/\/www.archimedlife.com\/de\/wp-json\/wp\/v2\/types\/page"}],"author":[{"embeddable":true,"href":"https:\/\/www.archimedlife.com\/de\/wp-json\/wp\/v2\/users\/4"}],"replies":[{"embeddable":true,"href":"https:\/\/www.archimedlife.com\/de\/wp-json\/wp\/v2\/comments?post=8065"}],"version-history":[{"count":1,"href":"https:\/\/www.archimedlife.com\/de\/wp-json\/wp\/v2\/pages\/8065\/revisions"}],"predecessor-version":[{"id":8066,"href":"https:\/\/www.archimedlife.com\/de\/wp-json\/wp\/v2\/pages\/8065\/revisions\/8066"}],"wp:attachment":[{"href":"https:\/\/www.archimedlife.com\/de\/wp-json\/wp\/v2\/media?parent=8065"}],"curies":[{"name":"wp","href":"https:\/\/api.w.org\/{rel}","templated":true}]}}