{"id":6239,"date":"2020-12-21T13:55:44","date_gmt":"2020-12-21T12:55:44","guid":{"rendered":"https:\/\/www.archimedlife.com\/contact-us\/"},"modified":"2020-12-21T14:07:19","modified_gmt":"2020-12-21T13:07:19","slug":"de-contact-us","status":"publish","type":"page","link":"https:\/\/www.archimedlife.com\/de\/de-contact-us\/","title":{"rendered":"Kontakt"},"content":{"rendered":"\n<p class=\"has-normal-font-size\">Bitte f\u00fcllen Sie das Kontaktformular aus, um uns einen Kommentar, eine Frage oder eine Nachricht zu senden.<\/p>\n\n\n\n<div class=\"wp-block-contact-form-7-contact-form-selector\"><div role=\"form\" class=\"wpcf7\" id=\"wpcf7-f6245-o1\" lang=\"en-US\" dir=\"ltr\">\n<div class=\"screen-reader-response\"><p role=\"status\" aria-live=\"polite\" aria-atomic=\"true\"><\/p> <ul><\/ul><\/div>\n<form action=\"\/de\/wp-json\/wp\/v2\/pages\/6239#wpcf7-f6245-o1\" method=\"post\" class=\"wpcf7-form init\" novalidate=\"novalidate\" data-status=\"init\">\n<div style=\"display: none;\">\n<input type=\"hidden\" name=\"_wpcf7\" value=\"6245\" \/>\n<input type=\"hidden\" name=\"_wpcf7_version\" value=\"5.4.1\" \/>\n<input type=\"hidden\" name=\"_wpcf7_locale\" value=\"en_US\" \/>\n<input type=\"hidden\" name=\"_wpcf7_unit_tag\" value=\"wpcf7-f6245-o1\" \/>\n<input type=\"hidden\" name=\"_wpcf7_container_post\" value=\"0\" \/>\n<input type=\"hidden\" name=\"_wpcf7_posted_data_hash\" value=\"\" \/>\n<\/div>\n<span id=\"wpcf7-69e73427ec2a4-wrapper\" class=\"wpcf7-form-control-wrap honeypot-email-wrap\" style=\"display:none !important; visibility:hidden !important;\"><label for=\"wpcf7-69e73427ec2a4-field\" class=\"hp-message\">Bitte lasse dieses Feld leer.<\/label><input id=\"wpcf7-69e73427ec2a4-field\"  class=\"wpcf7-form-control wpcf7-text\" type=\"text\" name=\"honeypot-email\" value=\"\" size=\"40\" tabindex=\"-1\" autocomplete=\"new-password\" \/><\/span>\n<div class=\"row\">\n\n<div class=\"col-xl-12 form-group\">\nName (First and Last)*\n<span class=\"wpcf7-form-control-wrap your-name\"><input type=\"text\" name=\"your-name\" value=\"\" size=\"40\" class=\"wpcf7-form-control wpcf7-text wpcf7-validates-as-required form-control mb-2\" aria-required=\"true\" aria-invalid=\"false\" placeholder=\"Your Name\" \/><\/span>\nE-Mail*\n<span class=\"wpcf7-form-control-wrap your-email\"><input type=\"email\" name=\"your-email\" value=\"\" size=\"40\" class=\"wpcf7-form-control wpcf7-text wpcf7-email wpcf7-validates-as-required wpcf7-validates-as-email mb-2 form-control\" aria-required=\"true\" aria-invalid=\"false\" placeholder=\"Your E-Mail\" \/><\/span>\nYour message*\n<span class=\"wpcf7-form-control-wrap your-message\"><textarea name=\"your-message\" cols=\"40\" rows=\"10\" class=\"wpcf7-form-control wpcf7-textarea wpcf7-validates-as-required form-control mb-2\" aria-required=\"true\" aria-invalid=\"false\" placeholder=\"Type your comment or question.\"><\/textarea><\/span>\n<span class=\"wpcf7-form-control-wrap quiz-243\"><label><span class=\"wpcf7-quiz-label\">To control spam, please enter the number 3.<\/span> <input type=\"text\" name=\"quiz-243\" size=\"40\" class=\"wpcf7-form-control wpcf7-quiz form-control\" autocomplete=\"off\" aria-required=\"true\" aria-invalid=\"false\" \/><\/label><input type=\"hidden\" name=\"_wpcf7_quiz_answer_quiz-243\" value=\"8e86c8e70983a2e27794d21821eb156e\" \/><\/span>\n<\/div>\n<\/div>\n<button type=\"submit\" class=\"btn btn-dark\">Send Message<\/button>\n<br><br>\n<p class=\"pt-3\">* Required<\/p><div class=\"wpcf7-response-output\" aria-hidden=\"true\"><\/div><\/form><\/div><\/div>\n\n\n\n<p><\/p>\n","protected":false},"excerpt":{"rendered":"<p>Bitte f\u00fcllen Sie das Kontaktformular aus, um uns einen Kommentar, eine Frage oder eine Nachricht zu senden.<\/p>\n","protected":false},"author":4,"featured_media":0,"parent":0,"menu_order":0,"comment_status":"closed","ping_status":"closed","template":"","meta":[],"yoast_head":"<!-- This site is optimized with the Yoast SEO plugin v15.5 - https:\/\/yoast.com\/wordpress\/plugins\/seo\/ -->\n<title>Kontakt - Medizinische Laboratorien | ARCHIMEDlife<\/title>\n<meta name=\"description\" content=\"Lassen Sie es uns wissen, wenn Sie Informationen \u00fcber unsere Diagnoseservices ben\u00f6tigen. Unser Expertenteam steht Ihnen f\u00fcr Ihre Fragen zur Verf\u00fcgung.\" \/>\n<meta name=\"robots\" content=\"index, follow, max-snippet:-1, max-image-preview:large, max-video-preview:-1\" \/>\n<link rel=\"canonical\" href=\"https:\/\/www.archimedlife.com\/de\/de-contact-us\/\" \/>\n<meta property=\"og:locale\" content=\"de_DE\" \/>\n<meta property=\"og:type\" content=\"article\" \/>\n<meta property=\"og:title\" content=\"Kontakt - Medizinische Laboratorien | ARCHIMEDlife\" \/>\n<meta property=\"og:description\" content=\"Lassen Sie es uns wissen, wenn Sie Informationen \u00fcber unsere Diagnoseservices ben\u00f6tigen. Unser Expertenteam steht Ihnen f\u00fcr Ihre Fragen zur Verf\u00fcgung.\" \/>\n<meta property=\"og:url\" content=\"https:\/\/www.archimedlife.com\/de\/de-contact-us\/\" \/>\n<meta property=\"og:site_name\" content=\"ARCHIMEDlife\" \/>\n<meta property=\"article:modified_time\" content=\"2020-12-21T13:07:19+00:00\" \/>\n<meta property=\"og:image\" content=\"https:\/\/www.archimedlife.com\/wp-content\/uploads\/2021\/01\/logo-drop-200x200-1.jpg\" \/>\n\t<meta property=\"og:image:width\" content=\"200\" \/>\n\t<meta property=\"og:image:height\" content=\"200\" \/>\n<meta name=\"twitter:card\" content=\"summary_large_image\" \/>\n<meta name=\"twitter:label1\" content=\"Gesch\u00e4tzte Lesezeit\">\n\t<meta name=\"twitter:data1\" content=\"0\u00a0Minuten\">\n<script type=\"application\/ld+json\" class=\"yoast-schema-graph\">{\"@context\":\"https:\/\/schema.org\",\"@graph\":[{\"@type\":\"WebSite\",\"@id\":\"https:\/\/www.archimedlife.com\/#website\",\"url\":\"https:\/\/www.archimedlife.com\/\",\"name\":\"ARCHIMEDlife\",\"description\":\"Medical Laboratory\",\"potentialAction\":[{\"@type\":\"SearchAction\",\"target\":\"https:\/\/www.archimedlife.com\/?s={search_term_string}\",\"query-input\":\"required name=search_term_string\"}],\"inLanguage\":\"de\"},{\"@type\":\"WebPage\",\"@id\":\"https:\/\/www.archimedlife.com\/de\/de-contact-us\/#webpage\",\"url\":\"https:\/\/www.archimedlife.com\/de\/de-contact-us\/\",\"name\":\"Kontakt - Medizinische Laboratorien | ARCHIMEDlife\",\"isPartOf\":{\"@id\":\"https:\/\/www.archimedlife.com\/#website\"},\"datePublished\":\"2020-12-21T12:55:44+00:00\",\"dateModified\":\"2020-12-21T13:07:19+00:00\",\"description\":\"Lassen Sie es uns wissen, wenn Sie Informationen \\u00fcber unsere Diagnoseservices ben\\u00f6tigen. Unser Expertenteam steht Ihnen f\\u00fcr Ihre Fragen zur Verf\\u00fcgung.\",\"inLanguage\":\"de\",\"potentialAction\":[{\"@type\":\"ReadAction\",\"target\":[\"https:\/\/www.archimedlife.com\/de\/de-contact-us\/\"]}]}]}<\/script>\n<!-- \/ Yoast SEO plugin. -->","_links":{"self":[{"href":"https:\/\/www.archimedlife.com\/de\/wp-json\/wp\/v2\/pages\/6239"}],"collection":[{"href":"https:\/\/www.archimedlife.com\/de\/wp-json\/wp\/v2\/pages"}],"about":[{"href":"https:\/\/www.archimedlife.com\/de\/wp-json\/wp\/v2\/types\/page"}],"author":[{"embeddable":true,"href":"https:\/\/www.archimedlife.com\/de\/wp-json\/wp\/v2\/users\/4"}],"replies":[{"embeddable":true,"href":"https:\/\/www.archimedlife.com\/de\/wp-json\/wp\/v2\/comments?post=6239"}],"version-history":[{"count":4,"href":"https:\/\/www.archimedlife.com\/de\/wp-json\/wp\/v2\/pages\/6239\/revisions"}],"predecessor-version":[{"id":6246,"href":"https:\/\/www.archimedlife.com\/de\/wp-json\/wp\/v2\/pages\/6239\/revisions\/6246"}],"wp:attachment":[{"href":"https:\/\/www.archimedlife.com\/de\/wp-json\/wp\/v2\/media?parent=6239"}],"curies":[{"name":"wp","href":"https:\/\/api.w.org\/{rel}","templated":true}]}}