{"id":332,"date":"2020-09-02T08:46:39","date_gmt":"2020-09-02T08:46:39","guid":{"rendered":"https:\/\/www-staging.archimedlife.com:4431\/?page_id=332"},"modified":"2023-12-15T19:04:39","modified_gmt":"2023-12-15T18:04:39","slug":"de-privacy-policy","status":"publish","type":"page","link":"https:\/\/www.archimedlife.com\/de\/archimedlife\/de-privacy-policy\/","title":{"rendered":"Datenschutzrichtlinie"},"content":{"rendered":"\n<p><strong>1. Allgemeines<\/strong><\/p>\n\n\n\n<p>1.1 Sie k\u00f6nnen das WEBPORTAL von ARCHIMEDlife aufrufen, ohne Angaben zu Ihrer Person zu machen. Dabei werden von ARCHIMEDlife keine Zugriffsdaten erhoben, die R\u00fcckschl\u00fcsse auf Ihre Identit\u00e4t erm\u00f6glichen. Die dabei nicht personenbezogenen Daten werden ausschlie\u00dflich zur Analyse verwendet, um das Angebot und die Dienstleistungen von ARCHIMEDlife laufend zu verbessern.<\/p>\n\n\n\n<p>1.2 Die Erhebung von personenbezogenen Daten erfolgt durch ARCHIMEDlife nur dann, wenn Sie sich dazu entschlie\u00dfen, diejenigen Funktionen des WEBPORTAL zu nutzen, bei der eine pers\u00f6nliche Identifizierung erforderlich ist und Sie diese Daten dort eingeben.<\/p>\n\n\n\n<p>1.3 Wenn personenbezogene Daten Dritter erforderlich sind, beispielsweise bei Zugang zu den Analysen, Berichten bzw. Befunden \u00fcber Proben im WEBPORTAL, dann best\u00e4tigen Sie mit der Eingabe der Daten dieser dritten Personen, dass diese in die Offenlegung der Daten eingewilligt haben und Sie diese Einwilligung rechtskonform eingeholt haben. Diesbez\u00fcglich wird ARCHIMEDlife von allen m\u00f6glichen Anspr\u00fcchen dieser dritten Personen oder Beh\u00f6rden schad- und klaglos gehalten. Davon umfasst sind auch Kosten, die mit der allf\u00e4lligen Verteidigung von ARCHIMEDlife in diesem Zusammenhang entstehen.<\/p>\n\n\n\n<p>1.4 Die ARCHIMEDlife zur Verf\u00fcgung gestellten personenbezogenen Daten werden nur f\u00fcr die dort angef\u00fchrten Funktionen verwendet, die insbesondere die<br>Nachverfolgung der Proben erm\u00f6glicht. Durch die Offenlegung der personenbezogenen Daten wird es erm\u00f6glicht, Ihnen Zugriff auf die Analysen, Berichte bzw. Befunde der \u00fcbermittelten Proben zu gew\u00e4hren oder mit Ihnen in Kontakt zu treten. ARCHIMEDlife wird zu keinem Zeitpunkt derartige Daten an Dritte \u00fcbermitteln bzw. weitergeben oder \u00fcber diese Datenschutzerkl\u00e4rung hinaus verwenden.<\/p>\n\n\n\n<p><strong>2. Kontaktformular<\/strong><\/p>\n\n\n\n<p>2.1 Um mit ARCHIMEDlife \u00fcber das WEBPORTAL in Kontakt treten zu k\u00f6nnen, ist das Kontaktformular auszuf\u00fcllen. Daf\u00fcr sind folgende Daten erforderlich: vollst\u00e4ndiger Name, akademischer Titel, Geschlecht, Postadresse, Telefonnummer, Emailadresse; Name und Adresse der Klinik bzw. Gesundheitsinstitution.<\/p>\n\n\n\n<p>2.2 Bei Zugriff auf das WEBPORTAL zum Erhalt der Analyse, des Berichts bzw. Befundes als einsendender Arzt bzw. Gesundheitsinstitution sind \u00fcber die unter Pkt 2.1. genannten Informationen noch folgen Daten erforderlich: Name des Krankenhauses\/Institution\/Ordination und ggfs. der Abteilung, Adresse, Faxnummer. Firma und Name Ihrer Abteilung (freiwillig) und Adresse; und Faxnummer.<\/p>\n\n\n\n<p>2.3 F\u00fcr die Verarbeitung von Proben von Patienten sind vom Patienten folgende pers\u00f6nliche Daten erforderlich: Vollst\u00e4ndiger Name des Patienten, Geburtsdatum des Patienten; Geschlecht des Patienten; Name und der gesetzlichen Vertreter bei Minderj\u00e4hrigen.<\/p>\n\n\n\n<p>2.4 Von diesen AGB abweichende oder diese erg\u00e4nzende Vereinbarungen gelten nur f\u00fcr das jeweilige Rechtsgesch\u00e4ft, nicht jedoch f\u00fcr andere Rechtsgesch\u00e4fte, insbesondere nicht f\u00fcr Folgegesch\u00e4fte.<\/p>\n\n\n\n<p>2.5 \u00c4nderungen dieser AGB gelten als genehmigt und sind auch f\u00fcr bestehende Vertr\u00e4ge wirksam, wenn der Benutzer nicht innerhalb eines Monats nach Zugang der ge\u00e4nderten AGB Widerspruch dagegen erhebt. Die \u00dcbermittlung der ge\u00e4nderten AGB kann auch auf elektronischem Weg (z.B. per E-Mail) erfolgen.<\/p>\n\n\n\n<p><strong>3. E-Mails an ARCHIMEDlife\/Ihre Rechte<\/strong><\/p>\n\n\n\n<p>3.1 Sollten Sie Fragen oder Bedenken hinsichtlich der Nutzung Ihrer Daten haben, wenden Sie sich bitte an ARCHIMEDlife. Die Kontaktdaten finden Sie auf dem WEBPORTAL. Wenn Sie uns per E-Mail kontaktieren, so werden die dabei bereitgestellten Informationen von ARCHIMEDlife gesammelt und gespeichert, einschlie\u00dflich Ihrer E-Mail. ARCHIMEDlife wird Ihre pers\u00f6nlichen Daten in identifizierbarer Form dabei jedoch nur zur Beantwortung Ihrer Anfrage verwenden. Dar\u00fcber hinaus darf ARCHIMEDlife Ihre Daten in anonymisierter Form (die keinerlei R\u00fcckschl\u00fcsse auf Ihre Identit\u00e4t zulassen) zu statistischen Zwecken verwenden.<\/p>\n\n\n\n<p>3.2 Gem\u00e4\u00df den Bestimmungen des anwendbaren Rechts haben Sie jederzeit das Recht, Informationen \u00fcber den erfolgten Zugriff auf Ihre personenbezogene Daten anzufordern, die ARCHIMEDlife \u00fcber Sie gesammelt und aufbewahrt hat. Sie haben weiters das Recht, diese Daten zu aktualisieren, zu berichtigen, zu sperren oder zu l\u00f6schen oder der Verarbeitung zu widersprechen.<br>Wenn Sie Fragen oder Bedenken hinsichtlich der Erhebung, Verarbeitung und Nutzung Ihrer personenbezogenen Daten haben oder wenn Sie Ihre oben genannten Rechte aus\u00fcben m\u00f6chten, kontaktieren Sie uns bitte per E-Mail info@archimedlife.com oder per Post (ARCHIMEDlife GmbH, Leberstra\u00dfe 20\/2, 1110 Wien, \u00d6sterreich). Dies gilt auch dann, wenn Sie Ihre Einwilligung zur Verarbeitung Ihrer personenbezogenen Daten widerrufen.<\/p>\n\n\n\n<p><strong>4. Datenweitergabe<\/strong><\/p>\n\n\n\n<p>4.1 ARCHIMEDlife ist befugt, einen sog. Drittanbieter f\u00fcr die Sicherung, Speicherung und Verarbeitung Ihrer Daten im Auftrag von ARCHIMEDlife zu beauftragen. ARCHIMEDlife hat durch die erforderlichen vertraglichen Regelungen sichergestellt, dass Ihre Daten von dem von ARCHIMEDlife beauftragten Dienstanbieter ausschlie\u00dflich nach den Anweisungen von ARCHIMEDlife vorgeht und die Daten nur zum Zweck der Bereitstellung dieser Website und der auf dieser Website angebotenen Dienste und Funktionen speichert und verarbeitet.<\/p>\n\n\n\n<p>4.2 ARCHIMEDlife verpflichtet sich dar\u00fcber hinaus, Ihre pers\u00f6nlichen Daten oder die Daten Dritter nicht ohne Ihre Zustimmung an Dritte weiterzugeben oder auf andere Weise preiszugeben, es sei denn, dies ist gesetzlich ausdr\u00fccklich erlaubt oder gesetzlich vorgeschrieben.<\/p>\n\n\n\n<p><strong>5. Datensicherheit<\/strong><\/p>\n\n\n\n<p>5.1 ARCHIMEDlife versichert Ihnen, dass es \u00fcber die erforderlichen und angemessenen technischen und organisatorischen Sicherheitsma\u00dfnahmen verf\u00fcgt, um Ihre pers\u00f6nlichen Daten und die Daten Dritter vor unberechtigtem Zugriff, unberechtigter Nutzung, Zerst\u00f6rung, Ver\u00e4nderung oder Verlust zu sch\u00fctzen.<\/p>\n\n\n\n<p>5.2 ARCHIMEDlife stellt personenbezogene Daten nur eigenen Mitarbeiter oder hinzugezogenen Subunternehmer bzw. befundenden \u00c4rzten zur Verf\u00fcgung, die diese Informationen ben\u00f6tigen, um das WEBPORTAL verf\u00fcgbar zu machen und die auf dem WEBPORTAL angebotenen Dienstleistungen und Funktionen zur Verf\u00fcgung zu stellen.<\/p>\n\n\n\n<p><strong>6. Verwendung von Cookies<\/strong><\/p>\n\n\n\n<p>6.1 Wie nahezu alle Websites verwendet auch ARCHIMEDlife Cookies. Dabei handelt es sich um kleine Textdateien, die von einem Webserver an Ihren Browser gesendet und auf Ihrem Ger\u00e4t gespeichert werden. Mit Ausnahme von Tracking-Cookies f\u00fcr Google Analytics (weitere Einzelheiten dazu unter Pkt 7.), werden alle von ARCHIMEDlife verwendeten Cookies gel\u00f6scht, sobald Ihre Browsersitzung beendet wird. Die Verwendung dieser Cookies ist erforderlich, um die Zugang und die Funktionen des WEBPORTALs zu erm\u00f6glichen.<\/p>\n\n\n\n<p>6.2 Die Informationen, die ARCHIMEDlife durch Cookies erh\u00e4lt, werden erhoben, um das Angebot von ARCHIMEDlife laufend zu verbessern. Die meisten Browser akzeptieren Cookies automatisch. Sie k\u00f6nnen jedoch Ihre Browsereinstellungen so \u00e4ndern, dass Sie benachrichtigt werden, wenn Cookies gesendet werden, und entscheiden Sie im Einzelfall, ob Sie Cookies akzeptieren oder ablehnen oder sie insgesamt ausschlie\u00dfen m\u00f6chten. Wir m\u00fcssen darauf hinweisen, dass Sie in diesem Fall wahrscheinlich einige Funktionen des WEBPORTALs nicht vollst\u00e4ndig werden nutzen k\u00f6nnen.<\/p>\n\n\n\n<p><strong>7. Verwendung und Nutzung von Google Analytics und Matomo (vormals) Piwik<\/strong><\/p>\n\n\n\n<p>7.1 ARCHIMEDlife weist darauf hin, dass es den Webanalysedienst Google Analytics, einen Webanalysedienst von Google, sowie Matomo (vormals Piwik) verwendent. Mit den dabei verwendeten Cookies erh\u00e4lt ARCHIMEDlife Informationen \u00fcber Ihre Nutzung des WEBPORTALs, um dadurch den Service des WEBPORTALs noch weiter zu verbessern. Wir weisen darauf hin, dass im Rahmen der Nutzung von Google Analytics diese durch die Cookies erlangten Informationen an Google auf Servern in den USA \u00fcbertragen und dort gespeichert werden. Ihre IP-Adresse wird innerhalb von Mitgliedstaaten der Europ\u00e4ischen Union oder in anderen Vertragsstaaten des Abkommens \u00fcber den Europ\u00e4ischen Wirtschaftsraum gek\u00fcrzt. Nur in Ausnahmef\u00e4llen wird die volle IP-Adresse an einen Server von Google in den USA \u00fcbertragen und dort gek\u00fcrzt. Google wird diese Informationen im Auftrag von ARCHIMEDlife verwenden, um Ihre Nutzung des WEBPORTALs zu bewerten, um Reports \u00fcber die Websiteaktivit\u00e4ten f\u00fcr die Websitebetreiber zusammenzustellen und um weitere mit der Websitenutzung und der Internetnutzung verbundene Dienstleistungen zu erbringen. Die im Rahmen von Google Analytics von Ihrem Browser \u00fcbermittelte IP-Adresse wird nicht mit anderen Daten von Google zusammengef\u00fchrt. Sie k\u00f6nnen die Verwendung von Cookies ablehnen, indem Sie die entsprechenden Einstellungen in Ihrem Browser ausw\u00e4hlen. Auch dabei gilt jedoch, dass Sie in diesem Fall nicht mehr alle Funktionen des WEBPORTALs werden nutzen k\u00f6nnen. Sie k\u00f6nnen die Deaktivierung der Verfolgung durch Google Analytics mit Wirkung f\u00fcr die Zukunft auch ablehnen, indem Sie das Google Analytics-Deaktivierungs-Browser-Add-on f\u00fcr Ihren aktuellen Webbrowser herunterladen und installieren:&nbsp;<a href=\"https:\/\/tools.google.com\/dlpage\/gaoptout?hl=de\">http:\/\/tools.google.com\/dlpage\/gaoptout?hl=de<\/a><\/p>\n\n\n\n<p><strong>8. Newsletter von ARCHIMEDlife<\/strong><\/p>\n\n\n\n<p>8.1 ARCHIMEDlife verfasst in regelm\u00e4\u00dfigen Abst\u00e4nden einen Newsletter, in dem es Informationen \u00fcber aktuelle Entwicklungen gibt. ARCHIMEDlife wird Ihnen diesen Newsletter nur dann zusenden, wenn Sie dieser \u00dcbermittlung ausdr\u00fccklich zustimmen. Dazu finden Sie auf der Homepage einen gesonderten Einwilligungsbutton mit dem Wortlaut \u201eIch stimme dem Erhalt des Newsletters von ARCHIMEDlife ausdr\u00fccklich zu und nehme zur Kenntnis, dass ich diese Zustimmung jederzeit widerrufen kann.\u201c<\/p>\n\n\n\n<p>8.2 Sie k\u00f6nnen den ARCHIMED-Newsletter jederzeit abbestellen, z. B. durch Klicken auf den Link \u201cAbbestellen\u201d in der E-Mail, die Sie erhalten haben, oder durch Senden einer E-Mail oder eines Briefes an die Kontaktdaten.<\/p>\n\n\n\n<p><strong>9. \u00c4nderungen der Datenschutzerkl\u00e4rung<\/strong><\/p>\n\n\n\n<p>9.1 ARCHIMEDlife beh\u00e4lt sich das Recht vor, diese Datenschutzerkl\u00e4rung jederzeit mit Wirkung f\u00fcr die Zukunft zu \u00e4ndern. Die jeweils aktuelle Version dieser Datenschutzerkl\u00e4rung wird auf dem WEBPORTAL stets zur Verf\u00fcgung gestellt.<\/p>\n\n\n\n<p>9.2 Bitte \u00fcberpr\u00fcfen Sie in regelm\u00e4\u00dfigen Abst\u00e4nden, ob eine \u00c4nderung der Datenschutzerkl\u00e4rung vorgenommen wurde, um jederzeit \u00fcber die Erhebung, Verarbeitung und Nutzung Ihrer personenbezogenen Daten informiert zu sein.<\/p>\n","protected":false},"excerpt":{"rendered":"<p>1. Allgemeines 1.1 Sie k\u00f6nnen das WEBPORTAL von ARCHIMEDlife aufrufen, ohne Angaben zu Ihrer Person zu machen. Dabei werden von ARCHIMEDlife keine Zugriffsdaten erhoben, die&hellip;<\/p>\n","protected":false},"author":1,"featured_media":0,"parent":274,"menu_order":0,"comment_status":"closed","ping_status":"closed","template":"","meta":[],"yoast_head":"<!-- This site is optimized with the Yoast SEO plugin v15.5 - https:\/\/yoast.com\/wordpress\/plugins\/seo\/ -->\n<title>Datenschutzrichtlinie - ARCHIMEDlife<\/title>\n<meta name=\"robots\" content=\"index, follow, max-snippet:-1, max-image-preview:large, max-video-preview:-1\" \/>\n<link rel=\"canonical\" href=\"https:\/\/www.archimedlife.com\/de\/archimedlife\/de-privacy-policy\/\" \/>\n<meta property=\"og:locale\" content=\"de_DE\" \/>\n<meta property=\"og:type\" content=\"article\" \/>\n<meta property=\"og:title\" content=\"Datenschutzrichtlinie - ARCHIMEDlife\" \/>\n<meta property=\"og:description\" content=\"1. Allgemeines 1.1 Sie k\u00f6nnen das WEBPORTAL von ARCHIMEDlife aufrufen, ohne Angaben zu Ihrer Person zu machen. Dabei werden von ARCHIMEDlife keine Zugriffsdaten erhoben, die&hellip;\" \/>\n<meta property=\"og:url\" content=\"https:\/\/www.archimedlife.com\/de\/archimedlife\/de-privacy-policy\/\" \/>\n<meta property=\"og:site_name\" content=\"ARCHIMEDlife\" \/>\n<meta property=\"article:modified_time\" content=\"2023-12-15T18:04:39+00:00\" \/>\n<meta property=\"og:image\" content=\"https:\/\/www.archimedlife.com\/wp-content\/uploads\/2021\/01\/logo-drop-200x200-1.jpg\" \/>\n\t<meta property=\"og:image:width\" content=\"200\" \/>\n\t<meta property=\"og:image:height\" content=\"200\" \/>\n<meta name=\"twitter:card\" content=\"summary_large_image\" \/>\n<meta name=\"twitter:label1\" content=\"Gesch\u00e4tzte Lesezeit\">\n\t<meta name=\"twitter:data1\" content=\"6\u00a0Minuten\">\n<script type=\"application\/ld+json\" class=\"yoast-schema-graph\">{\"@context\":\"https:\/\/schema.org\",\"@graph\":[{\"@type\":\"WebSite\",\"@id\":\"https:\/\/www.archimedlife.com\/#website\",\"url\":\"https:\/\/www.archimedlife.com\/\",\"name\":\"ARCHIMEDlife\",\"description\":\"Medical Laboratory\",\"potentialAction\":[{\"@type\":\"SearchAction\",\"target\":\"https:\/\/www.archimedlife.com\/?s={search_term_string}\",\"query-input\":\"required name=search_term_string\"}],\"inLanguage\":\"de\"},{\"@type\":\"WebPage\",\"@id\":\"https:\/\/www.archimedlife.com\/de\/archimedlife\/de-privacy-policy\/#webpage\",\"url\":\"https:\/\/www.archimedlife.com\/de\/archimedlife\/de-privacy-policy\/\",\"name\":\"Datenschutzrichtlinie - ARCHIMEDlife\",\"isPartOf\":{\"@id\":\"https:\/\/www.archimedlife.com\/#website\"},\"datePublished\":\"2020-09-02T08:46:39+00:00\",\"dateModified\":\"2023-12-15T18:04:39+00:00\",\"inLanguage\":\"de\",\"potentialAction\":[{\"@type\":\"ReadAction\",\"target\":[\"https:\/\/www.archimedlife.com\/de\/archimedlife\/de-privacy-policy\/\"]}]}]}<\/script>\n<!-- \/ Yoast SEO plugin. -->","_links":{"self":[{"href":"https:\/\/www.archimedlife.com\/de\/wp-json\/wp\/v2\/pages\/332"}],"collection":[{"href":"https:\/\/www.archimedlife.com\/de\/wp-json\/wp\/v2\/pages"}],"about":[{"href":"https:\/\/www.archimedlife.com\/de\/wp-json\/wp\/v2\/types\/page"}],"author":[{"embeddable":true,"href":"https:\/\/www.archimedlife.com\/de\/wp-json\/wp\/v2\/users\/1"}],"replies":[{"embeddable":true,"href":"https:\/\/www.archimedlife.com\/de\/wp-json\/wp\/v2\/comments?post=332"}],"version-history":[{"count":5,"href":"https:\/\/www.archimedlife.com\/de\/wp-json\/wp\/v2\/pages\/332\/revisions"}],"predecessor-version":[{"id":7973,"href":"https:\/\/www.archimedlife.com\/de\/wp-json\/wp\/v2\/pages\/332\/revisions\/7973"}],"up":[{"embeddable":true,"href":"https:\/\/www.archimedlife.com\/de\/wp-json\/wp\/v2\/pages\/274"}],"wp:attachment":[{"href":"https:\/\/www.archimedlife.com\/de\/wp-json\/wp\/v2\/media?parent=332"}],"curies":[{"name":"wp","href":"https:\/\/api.w.org\/{rel}","templated":true}]}}